{"id":630,"date":"2020-09-13T18:47:29","date_gmt":"2020-09-13T23:47:29","guid":{"rendered":"https:\/\/yorx.com.mx\/est23\/?page_id=630"},"modified":"2023-10-15T08:17:56","modified_gmt":"2023-10-15T14:17:56","slug":"calificaciones","status":"publish","type":"page","link":"https:\/\/yorx.com.mx\/est23\/calificaciones\/","title":{"rendered":"Calificaciones"},"content":{"rendered":"<h4><strong>Calificaciones finales<\/strong><\/h4>\n<p>Para consultar las calificaciones, es necesario el CURP, su clave es de la siguiente manera: las 6 primeras letras\/n\u00fameros y el \u00faltimo d\u00edgito.<br \/>\nPor ejemplo:<br \/>\nSi mi CURP es: <span style=\"color: #cc99ff;\"><b><u>BACD99<\/u><\/b><\/span>1231HTLFGHA<span style=\"color: #cc99ff;\"><b><u>7<\/u><\/b><\/span><br \/>\nMi clave es: <span style=\"color: #cc99ff;\"><b>BACD997<\/b><\/span><\/p>\n<p>Si no conoces tu CURP puedes consultarlo aqui: <a href=\"https:\/\/www.gob.mx\/curp\/\" target=\"_blank\" rel=\"noopener\">https:\/\/www.gob.mx\/curp\/<\/a><\/p>\n<p><input id=\"keyInput\" style=\"text-transform: uppercase;\" title=\"4 letras may\u00fasculas y 3 n\u00fameros\" maxlength=\"7\" pattern=\"[A-Z]{4}\\d{3}\" type=\"text\" placeholder=\"Introduce tu clave aqu\u00ed\" \/><br \/>\n<span id=\"results\"><br \/>\n<\/span><\/p>\n<hr \/>\n<h4>Valores de referencia<\/h4>\n<table id=\"tableScores\">\n<tbody>\n<tr>\n<td>Rating<\/td>\n<td>Grade<\/td>\n<td colspan=\"2\">Score<\/td>\n<\/tr>\n<tr style=\"background: #3326b4;\">\n<td style=\"background: #3326b4;\" rowspan=\"3\" width=\"20\">Excellent<\/td>\n<td width=\"31\">A+<\/td>\n<td width=\"39\">\ud83e\udd47 100+<\/td>\n<td width=\"31\">97<\/td>\n<\/tr>\n<tr style=\"background: #014cc7;\">\n<td>A<\/td>\n<td>\ud83e\udd48 96<\/td>\n<td>93<\/td>\n<\/tr>\n<tr style=\"background: #0187c6;\">\n<td>A-<\/td>\n<td>\ud83e\udd49 92<\/td>\n<td>90<\/td>\n<\/tr>\n<tr style=\"background: #00bfb8;\">\n<td style=\"background: #00bfb8;\" rowspan=\"3\">Good<\/td>\n<td>B+<\/td>\n<td>89<\/td>\n<td>87<\/td>\n<\/tr>\n<tr style=\"background: #02a65d;\">\n<td>B<\/td>\n<td>86<\/td>\n<td>83<\/td>\n<\/tr>\n<tr style=\"background: #039c0f;\">\n<td>B-<\/td>\n<td>82<\/td>\n<td>80<\/td>\n<\/tr>\n<tr style=\"background: #4db401;\">\n<td style=\"background: #4db401;\" rowspan=\"3\">Average<\/td>\n<td>C+<\/td>\n<td>79<\/td>\n<td>77<\/td>\n<\/tr>\n<tr style=\"background: #95d520;\">\n<td>C<\/td>\n<td>76<\/td>\n<td>73<\/td>\n<\/tr>\n<tr style=\"background: #dddf26;\">\n<td>C-<\/td>\n<td>72<\/td>\n<td>70<\/td>\n<\/tr>\n<tr style=\"background: #fcce17;\">\n<td style=\"background: #fcce17;\" rowspan=\"3\">Poor<\/td>\n<td>D+<\/td>\n<td>69<\/td>\n<td>67<\/td>\n<\/tr>\n<tr style=\"background: #fea226;\">\n<td>D<\/td>\n<td>66<\/td>\n<td>63<\/td>\n<\/tr>\n<tr style=\"background: #fd5224;\">\n<td>D-<\/td>\n<td>62<\/td>\n<td>60<\/td>\n<\/tr>\n<tr style=\"background: #e81b23;\">\n<td style=\"background: #e81b23;\">Fail \u26a0\ufe0f<\/td>\n<td>F<\/td>\n<td>59-<\/td>\n<td>0<\/td>\n<\/tr>\n<\/tbody>\n<\/table>\n<p><small>Las actividades ser\u00e1n evaluadas de acuerdo a su nivel de desempe\u00f1o con letras no n\u00fameros para dar una evaluaci\u00f3n cualitativa no cuantitativa<!--- y a su vez tener un v\u00ednculo con las evaluaciones de habla inglesa--->.<\/small><\/p>\n<p><!--\n\n\n<h4 id=\"max-grade\"><span style=\"letter-spacing: -0.0415625em;\">Calificaciones m\u00e1ximas en Classroom de acuerdo a la fecha l\u00edmite de entrega:<\/span><\/h4>\n\n\n\n\n<table style=\"border-collapse: collapse; width: 214px; height: 190px;\" border=\"0\" width=\"160\" cellspacing=\"0\" cellpadding=\"0\">\n\n\n<tbody>\n\n\n<tr style=\"background: #3326b4;\">\n\n\n<td>A tiempo<\/td>\n\n\n\n\n<td>A+<\/td>\n\n\n\n\n<td>100<\/td>\n\n\n<\/tr>\n\n\n\n\n<tr style=\"background: #014cc7;\">\n\n\n<td>1 hora<\/td>\n\n\n\n\n<td>A<\/td>\n\n\n\n\n<td>95<\/td>\n\n\n<\/tr>\n\n\n\n\n<tr style=\"background: #0187c6;\">\n\n\n<td>1 d\u00eda<\/td>\n\n\n\n\n<td>A-<\/td>\n\n\n\n\n<td>90<\/td>\n\n\n<\/tr>\n\n\n\n\n<tr style=\"background: #02a65d;\">\n\n\n<td>+2 d\u00edas<\/td>\n\n\n\n\n<td>B<\/td>\n\n\n\n\n<td>85<\/td>\n\n\n<\/tr>\n\n\n<\/tbody>\n\n\n<\/table>\n\n\n---><\/p>\n<h4 id=\"raise-rating\">\u00bfC\u00f3mo puedo subir mi calificaci\u00f3n?<\/h4>\n<p>Realizando <strong>todas las actividades de la unidad,<\/strong> si haces todas las actividades, <em>siempre y cuando la calificaci\u00f3n sea mayor a F (59)<\/em>, autom\u00e1ticamente obtienes +100 puntos extras que se suman al final a las actividades.<\/p>\n<p>Es decir si en todas mis actividades tengo: 73, 81, 86, 65, 60, 79, 67, 74, 93, 92 = 770 + 100 = 870 \/ 10 = 87<br \/>\nDe C+ (77) pasas a B+ (87).<\/p>\n<h4>\u00bfHay alguna otra forma?<\/h4>\n<p>Obteniendo participaciones cada participaci\u00f3n cuenta +15 puntos extras que se suman al final a las actividades, y ser\u00e1n dadas en diferentes formas dependiendo de la situaci\u00f3n.<br \/>\n<span id=\"increase-score\"><\/span><\/p>\n","protected":false},"excerpt":{"rendered":"<p>Calificaciones finales Para consultar las calificaciones, es necesario el CURP, su clave es de la siguiente manera: las 6 primeras letras\/n\u00fameros y el \u00faltimo d\u00edgito. Por ejemplo: Si mi CURP es: BACD991231HTLFGHA7 Mi clave es: BACD997 Si no conoces tu CURP puedes consultarlo aqui: https:\/\/www.gob.mx\/curp\/ Valores de referencia Rating Grade Score Excellent A+ \ud83e\udd47 100+ [&hellip;]<\/p>\n","protected":false},"author":1,"featured_media":0,"parent":0,"menu_order":0,"comment_status":"closed","ping_status":"closed","template":"","meta":{"footnotes":""},"_links":{"self":[{"href":"https:\/\/yorx.com.mx\/est23\/wp-json\/wp\/v2\/pages\/630"}],"collection":[{"href":"https:\/\/yorx.com.mx\/est23\/wp-json\/wp\/v2\/pages"}],"about":[{"href":"https:\/\/yorx.com.mx\/est23\/wp-json\/wp\/v2\/types\/page"}],"author":[{"embeddable":true,"href":"https:\/\/yorx.com.mx\/est23\/wp-json\/wp\/v2\/users\/1"}],"replies":[{"embeddable":true,"href":"https:\/\/yorx.com.mx\/est23\/wp-json\/wp\/v2\/comments?post=630"}],"version-history":[{"count":134,"href":"https:\/\/yorx.com.mx\/est23\/wp-json\/wp\/v2\/pages\/630\/revisions"}],"predecessor-version":[{"id":1521,"href":"https:\/\/yorx.com.mx\/est23\/wp-json\/wp\/v2\/pages\/630\/revisions\/1521"}],"wp:attachment":[{"href":"https:\/\/yorx.com.mx\/est23\/wp-json\/wp\/v2\/media?parent=630"}],"curies":[{"name":"wp","href":"https:\/\/api.w.org\/{rel}","templated":true}]}}